{"id":98,"date":"2025-10-23T02:06:55","date_gmt":"2025-10-23T02:06:55","guid":{"rendered":"https:\/\/volnetix.com\/?page_id=98"},"modified":"2025-10-23T14:41:18","modified_gmt":"2025-10-23T14:41:18","slug":"solicitar-servicio","status":"publish","type":"page","link":"https:\/\/volnetix.com\/?page_id=98","title":{"rendered":"Servicio"},"content":{"rendered":"<!-- whatsapp-hide-start --><style id=\"hide-whatsapp\">a[href*=\"wa.me\"], a[href*=\"api.whatsapp.com\"], [class*=\"whatsapp\"], [id*=\"whatsapp\"], .whatsapp, .whatsapp-button { display:none !important; visibility:hidden !important; opacity:0 !important; }<\/style><!-- whatsapp-hide-end --><nav class=\"top-nav\" style=\"display:flex;gap:12px;flex-wrap:wrap;margin:12px 0;\"><a href=\"\/\">Inicio<\/a><a href=\"\/solicitar-servicio\">Solicitar Servicio<\/a><a href=\"\/solicitar-presupuesto\">Solicitar Presupuesto<\/a><a href=\"\/instalaciones-electricas\">Instalaciones el\u00e9ctricas<\/a><a href=\"\/mantenimiento\">Mantenimiento<\/a><a href=\"\/energia-solar\">Energ\u00eda solar<\/a><a href=\"\/cableado-estructurado\">Cableado estructurado<\/a><a href=\"\/automatizacion-industrial\">Automatizaci\u00f3n<\/a><a href=\"\/contacto\">Contacto<\/a><\/nav><h2>Solicitar Servicio<\/h2><form action=\"https:\/\/formspree.io\/f\/demo-volnetix-servicio\" method=\"POST\"><label>Tipo de servicio<select name=\"tipo_servicio\" required><option>Instalaciones el\u00e9ctricas<\/option><option>Mantenimiento<\/option><option>Energ\u00eda solar<\/option><option>Cableado estructurado<\/option><option>Automatizaci\u00f3n<\/option><\/select><\/label><label>Direcci\u00f3n<input type=\"text\" name=\"direccion\" required><\/label><label>Fecha preferida<input type=\"date\" name=\"fecha\" required><\/label><label>Mensaje<textarea name=\"mensaje\" rows=\"6\"><\/textarea><\/label><button type=\"submit\">Enviar solicitud<\/button><\/form>","protected":false},"excerpt":{"rendered":"<p>InicioSolicitar ServicioSolicitar PresupuestoInstalaciones el\u00e9ctricasMantenimientoEnerg\u00eda solarCableado estructuradoAutomatizaci\u00f3nContacto Solicitar Servicio Tipo de servicioInstalaciones el\u00e9ctricasMantenimientoEnerg\u00eda solarCableado estructuradoAutomatizaci\u00f3nDirecci\u00f3nFecha preferidaMensajeEnviar solicitud<\/p>\n","protected":false},"author":1,"featured_media":0,"parent":0,"menu_order":0,"comment_status":"closed","ping_status":"closed","template":"","meta":{"footnotes":""},"class_list":["post-98","page","type-page","status-publish","hentry"],"_links":{"self":[{"href":"https:\/\/volnetix.com\/index.php?rest_route=\/wp\/v2\/pages\/98","targetHints":{"allow":["GET"]}}],"collection":[{"href":"https:\/\/volnetix.com\/index.php?rest_route=\/wp\/v2\/pages"}],"about":[{"href":"https:\/\/volnetix.com\/index.php?rest_route=\/wp\/v2\/types\/page"}],"author":[{"embeddable":true,"href":"https:\/\/volnetix.com\/index.php?rest_route=\/wp\/v2\/users\/1"}],"replies":[{"embeddable":true,"href":"https:\/\/volnetix.com\/index.php?rest_route=%2Fwp%2Fv2%2Fcomments&post=98"}],"version-history":[{"count":4,"href":"https:\/\/volnetix.com\/index.php?rest_route=\/wp\/v2\/pages\/98\/revisions"}],"predecessor-version":[{"id":175,"href":"https:\/\/volnetix.com\/index.php?rest_route=\/wp\/v2\/pages\/98\/revisions\/175"}],"wp:attachment":[{"href":"https:\/\/volnetix.com\/index.php?rest_route=%2Fwp%2Fv2%2Fmedia&parent=98"}],"curies":[{"name":"wp","href":"https:\/\/api.w.org\/{rel}","templated":true}]}}